{"id":84,"date":"2024-04-25T17:47:18","date_gmt":"2024-04-25T15:47:18","guid":{"rendered":"https:\/\/plum-loris-838739.hostingersite.com\/?page_id=84"},"modified":"2024-07-30T01:26:48","modified_gmt":"2024-07-29T23:26:48","slug":"contratos-y-convenios","status":"publish","type":"page","link":"https:\/\/jdrestauraciontriana.com\/?page_id=84","title":{"rendered":"Contratos y Convenios"},"content":{"rendered":"\t\t<div data-elementor-type=\"wp-page\" data-elementor-id=\"84\" class=\"elementor elementor-84\" data-elementor-post-type=\"page\">\n\t\t\t\t<div class=\"elementor-element elementor-element-113fc936 e-flex e-con-boxed e-con e-parent\" data-id=\"113fc936\" data-element_type=\"container\">\n\t\t\t\t\t<div class=\"e-con-inner\">\n\t\t<div class=\"elementor-element elementor-element-648ac320 e-con-full e-flex e-con e-child\" data-id=\"648ac320\" data-element_type=\"container\">\n\t\t\t\t<div class=\"elementor-element elementor-element-7d2ed91a elementor-view-stacked elementor-position-left elementor-vertical-align-middle elementor-shape-circle elementor-mobile-position-top elementor-widget elementor-widget-icon-box\" data-id=\"7d2ed91a\" data-element_type=\"widget\" data-widget_type=\"icon-box.default\">\n\t\t\t\t<div class=\"elementor-widget-container\">\n\t\t\t<link rel=\"stylesheet\" href=\"https:\/\/jdrestauraciontriana.com\/wp-content\/plugins\/elementor\/assets\/css\/widget-icon-box.min.css\">\t\t<div class=\"elementor-icon-box-wrapper\">\n\n\t\t\t\t\t\t<div class=\"elementor-icon-box-icon\">\n\t\t\t\t<span  class=\"elementor-icon elementor-animation-\">\n\t\t\t\t<svg xmlns=\"http:\/\/www.w3.org\/2000\/svg\" xmlns:xlink=\"http:\/\/www.w3.org\/1999\/xlink\" id=\"Layer_1\" x=\"0px\" y=\"0px\" viewBox=\"0 0 375 500\" style=\"enable-background:new 0 0 375 500;\" xml:space=\"preserve\"><g>\t<path id=\"XMLID_426_\" d=\"M300,400V150h25v275H50V150h25v250H300z M275,75V50h62.5c20.7,0,37.5,16.8,37.5,37.5v375  c0,20.7-16.8,37.5-37.5,37.5h-300C16.8,500,0,483.2,0,462.5v-375C0,66.8,16.8,50,37.5,50H100v25H37.5C30.6,75,25,80.6,25,87.5v375  c0,6.9,5.6,12.5,12.5,12.5h300c6.9,0,12.5-5.6,12.5-12.5v-375c0-6.9-5.6-12.5-12.5-12.5H275z\"><\/path>\t<path id=\"XMLID_418_\" d=\"M100,350v-25h100v25H100z M100,275v-25h150v25H100z M325,100v25H225V62.5c0-20.7-16.8-37.5-37.5-37.5  C166.8,25,150,41.8,150,62.5V125H50v-25h75V62.5C125,28,153,0,187.5,0C222,0,250,28,250,62.5V100H325z\"><\/path><\/g><\/svg>\t\t\t\t<\/span>\n\t\t\t<\/div>\n\t\t\t\n\t\t\t\n\t\t<\/div>\n\t\t\t\t<\/div>\n\t\t\t\t<\/div>\n\t\t\t\t<div class=\"elementor-element elementor-element-df25c80 elementor-align-right elementor-widget__width-auto elementor-absolute elementor-hidden-mobile elementor-widget elementor-widget-button\" data-id=\"df25c80\" data-element_type=\"widget\" data-settings=\"{&quot;_position&quot;:&quot;absolute&quot;}\" data-widget_type=\"button.default\">\n\t\t\t\t<div class=\"elementor-widget-container\">\n\t\t\t\t\t<div class=\"elementor-button-wrapper\">\n\t\t\t<a class=\"elementor-button elementor-button-link elementor-size-sm\" href=\"https:\/\/jdrestauraciontriana.com\/\">\n\t\t\t\t\t\t<span class=\"elementor-button-content-wrapper\">\n\t\t\t\t\t\t\t\t\t<span class=\"elementor-button-text\">Volver<\/span>\n\t\t\t\t\t<\/span>\n\t\t\t\t\t<\/a>\n\t\t<\/div>\n\t\t\t\t<\/div>\n\t\t\t\t<\/div>\n\t\t\t\t<div class=\"elementor-element elementor-element-43ef4f78 elementor-widget elementor-widget-heading\" data-id=\"43ef4f78\" data-element_type=\"widget\" data-widget_type=\"heading.default\">\n\t\t\t\t<div class=\"elementor-widget-container\">\n\t\t\t<style>\/*! elementor - v3.21.0 - 25-04-2024 *\/\n.elementor-heading-title{padding:0;margin:0;line-height:1}.elementor-widget-heading .elementor-heading-title[class*=elementor-size-]>a{color:inherit;font-size:inherit;line-height:inherit}.elementor-widget-heading .elementor-heading-title.elementor-size-small{font-size:15px}.elementor-widget-heading .elementor-heading-title.elementor-size-medium{font-size:19px}.elementor-widget-heading .elementor-heading-title.elementor-size-large{font-size:29px}.elementor-widget-heading .elementor-heading-title.elementor-size-xl{font-size:39px}.elementor-widget-heading .elementor-heading-title.elementor-size-xxl{font-size:59px}<\/style><h2 class=\"elementor-heading-title elementor-size-default\">Contratos<\/h2>\t\t<\/div>\n\t\t\t\t<\/div>\n\t\t\t\t<div class=\"elementor-element elementor-element-4862de11 elementor-widget elementor-widget-text-editor\" data-id=\"4862de11\" data-element_type=\"widget\" data-widget_type=\"text-editor.default\">\n\t\t\t\t<div class=\"elementor-widget-container\">\n\t\t\t<style>\/*! elementor - v3.21.0 - 25-04-2024 *\/\n.elementor-widget-text-editor.elementor-drop-cap-view-stacked .elementor-drop-cap{background-color:#69727d;color:#fff}.elementor-widget-text-editor.elementor-drop-cap-view-framed .elementor-drop-cap{color:#69727d;border:3px solid;background-color:transparent}.elementor-widget-text-editor:not(.elementor-drop-cap-view-default) .elementor-drop-cap{margin-top:8px}.elementor-widget-text-editor:not(.elementor-drop-cap-view-default) .elementor-drop-cap-letter{width:1em;height:1em}.elementor-widget-text-editor .elementor-drop-cap{float:left;text-align:center;line-height:1;font-size:50px}.elementor-widget-text-editor .elementor-drop-cap-letter{display:inline-block}<\/style>\t\t\t\t<p>No se ha suscrito ning\u00fan contrato con administraciones p\u00fablicas durante el 2021.<\/p><p>No se ha suscrito ning\u00fan contrato con administraciones p\u00fablicas durante el 2022.<\/p><p>No se ha suscrito ning\u00fan contrato con administraciones p\u00fablicas durante el 2023.<\/p>\t\t\t\t\t\t<\/div>\n\t\t\t\t<\/div>\n\t\t\t\t<div class=\"elementor-element elementor-element-3ee3a5fc elementor-widget elementor-widget-heading\" data-id=\"3ee3a5fc\" data-element_type=\"widget\" data-widget_type=\"heading.default\">\n\t\t\t\t<div class=\"elementor-widget-container\">\n\t\t\t<h4 class=\"elementor-heading-title elementor-size-default\">Informaci\u00f3n trimestral de contratos menores<\/h4>\t\t<\/div>\n\t\t\t\t<\/div>\n\t\t\t\t<div class=\"elementor-element elementor-element-73c32f92 elementor-widget elementor-widget-text-editor\" data-id=\"73c32f92\" data-element_type=\"widget\" data-widget_type=\"text-editor.default\">\n\t\t\t\t<div class=\"elementor-widget-container\">\n\t\t\t\t\t\t\t<p>No se ha suscrito ning\u00fan convenio ni contrato durante el 2021.<\/p><p>No se ha suscrito ning\u00fan convenio ni contrato durante el 2022.<\/p><p>No se ha suscrito ning\u00fan convenio ni contrato durante el 2023.<\/p>\t\t\t\t\t\t<\/div>\n\t\t\t\t<\/div>\n\t\t\t\t<div class=\"elementor-element elementor-element-1e336599 elementor-widget elementor-widget-heading\" data-id=\"1e336599\" data-element_type=\"widget\" data-widget_type=\"heading.default\">\n\t\t\t\t<div class=\"elementor-widget-container\">\n\t\t\t<h4 class=\"elementor-heading-title elementor-size-default\">Relaci\u00f3n de contratos resueltos<\/h4>\t\t<\/div>\n\t\t\t\t<\/div>\n\t\t\t\t<div class=\"elementor-element elementor-element-7b522177 elementor-widget elementor-widget-text-editor\" data-id=\"7b522177\" data-element_type=\"widget\" data-widget_type=\"text-editor.default\">\n\t\t\t\t<div class=\"elementor-widget-container\">\n\t\t\t\t\t\t\t<p>No se ha suscrito ning\u00fan convenio ni contrato durante el 2021.<\/p><p>No se ha suscrito ning\u00fan convenio ni contrato durante el 2022.<\/p><p>No se ha suscrito ning\u00fan convenio ni contrato durante el 2023.<\/p>\t\t\t\t\t\t<\/div>\n\t\t\t\t<\/div>\n\t\t\t\t<div class=\"elementor-element elementor-element-4690b2a4 elementor-widget elementor-widget-heading\" data-id=\"4690b2a4\" data-element_type=\"widget\" data-widget_type=\"heading.default\">\n\t\t\t\t<div class=\"elementor-widget-container\">\n\t\t\t<h2 class=\"elementor-heading-title elementor-size-default\">Convenios<\/h2>\t\t<\/div>\n\t\t\t\t<\/div>\n\t\t\t\t<div class=\"elementor-element elementor-element-6c9345ae elementor-widget elementor-widget-text-editor\" data-id=\"6c9345ae\" data-element_type=\"widget\" data-widget_type=\"text-editor.default\">\n\t\t\t\t<div class=\"elementor-widget-container\">\n\t\t\t\t\t\t\t<p>No se ha suscrito ning\u00fan convenio con\u00a0administraciones p\u00fablicas durante el 2021.<\/p><p>No se ha suscrito ning\u00fan convenio con administraciones p\u00fablicas durante el 2022.<\/p><p>No se ha suscrito ning\u00fan convenio con administraciones p\u00fablicas durante el 2023.<\/p>\t\t\t\t\t\t<\/div>\n\t\t\t\t<\/div>\n\t\t\t\t<div class=\"elementor-element elementor-element-4e2ae84 elementor-widget elementor-widget-text-editor\" data-id=\"4e2ae84\" data-element_type=\"widget\" data-widget_type=\"text-editor.default\">\n\t\t\t\t<div class=\"elementor-widget-container\">\n\t\t\t\t\t\t\t<p>\u00daltima actualizaci\u00f3n: 30 de Julio 2024<\/p>\t\t\t\t\t\t<\/div>\n\t\t\t\t<\/div>\n\t\t\t\t<\/div>\n\t\t\t\t\t<\/div>\n\t\t\t\t<\/div>\n\t\t\t\t<\/div>\n\t\t","protected":false},"excerpt":{"rendered":"<p>Volver Contratos No se ha suscrito ning\u00fan contrato con administraciones p\u00fablicas durante el 2021. No se ha suscrito ning\u00fan contrato con administraciones p\u00fablicas durante el 2022. No se ha suscrito ning\u00fan contrato con administraciones p\u00fablicas durante el 2023. Informaci\u00f3n trimestral de contratos menores No se ha suscrito ning\u00fan convenio ni contrato durante el 2021. No [&hellip;]<\/p>\n","protected":false},"author":1,"featured_media":0,"parent":0,"menu_order":0,"comment_status":"closed","ping_status":"closed","template":"elementor_header_footer","meta":{"footnotes":""},"class_list":["post-84","page","type-page","status-publish","hentry"],"_links":{"self":[{"href":"https:\/\/jdrestauraciontriana.com\/index.php?rest_route=\/wp\/v2\/pages\/84","targetHints":{"allow":["GET"]}}],"collection":[{"href":"https:\/\/jdrestauraciontriana.com\/index.php?rest_route=\/wp\/v2\/pages"}],"about":[{"href":"https:\/\/jdrestauraciontriana.com\/index.php?rest_route=\/wp\/v2\/types\/page"}],"author":[{"embeddable":true,"href":"https:\/\/jdrestauraciontriana.com\/index.php?rest_route=\/wp\/v2\/users\/1"}],"replies":[{"embeddable":true,"href":"https:\/\/jdrestauraciontriana.com\/index.php?rest_route=%2Fwp%2Fv2%2Fcomments&post=84"}],"version-history":[{"count":8,"href":"https:\/\/jdrestauraciontriana.com\/index.php?rest_route=\/wp\/v2\/pages\/84\/revisions"}],"predecessor-version":[{"id":135,"href":"https:\/\/jdrestauraciontriana.com\/index.php?rest_route=\/wp\/v2\/pages\/84\/revisions\/135"}],"wp:attachment":[{"href":"https:\/\/jdrestauraciontriana.com\/index.php?rest_route=%2Fwp%2Fv2%2Fmedia&parent=84"}],"curies":[{"name":"wp","href":"https:\/\/api.w.org\/{rel}","templated":true}]}}